{"id":765,"date":"2019-05-23T10:31:18","date_gmt":"2019-05-23T10:31:18","guid":{"rendered":"https:\/\/auzolan.org.es\/web\/?page_id=765"},"modified":"2019-05-23T11:33:41","modified_gmt":"2019-05-23T11:33:41","slug":"landing","status":"publish","type":"page","link":"https:\/\/auzolan.org.es\/web\/","title":{"rendered":"landing"},"content":{"rendered":"<p>[et_pb_section fb_built=\u00bb1&#8243; _builder_version=\u00bb3.22.7&#8243;][et_pb_row _builder_version=\u00bb3.22.7&#8243;][et_pb_column type=\u00bb1_5&#8243; _builder_version=\u00bb3.22.7&#8243;][et_pb_image src=\u00bbhttps:\/\/auzolan.org.es\/web\/wp-content\/uploads\/2018\/02\/cropped-auzolan-1-e1510816291595.jpg\u00bb align=\u00bbcenter\u00bb _builder_version=\u00bb3.22.7&#8243; width=\u00bb70%\u00bb][\/et_pb_image][\/et_pb_column][et_pb_column type=\u00bb3_5&#8243; _builder_version=\u00bb3.22.7&#8243;][et_pb_text _builder_version=\u00bb3.22.7&#8243; text_font=\u00bb||||||||\u00bb header_font=\u00bbVerdana|700|||||||\u00bb header_text_color=\u00bb#e02b20&#8243; header_2_font=\u00bbVerdana|600|||||||\u00bb header_4_font=\u00bbVerdana||||||||\u00bb]<\/p>\n<h1 style=\"text-align: center;\">R.\u00b7.L.\u00b7. AUZOLAN N\u00ba 1999<\/h1>\n<h3 style=\"text-align: center;\">FEDERACI\u00d3N ESPA\u00d1OLA<\/h3>\n<h4 style=\"text-align: center;\">ORDEN MAS\u00d3NICA MIXTA INTERNACIONAL LE DROIT HUMAIN<\/h4>\n<p>[\/et_pb_text][\/et_pb_column][et_pb_column type=\u00bb1_5&#8243; _builder_version=\u00bb3.22.7&#8243;][et_pb_image src=\u00bbhttps:\/\/auzolan.org.es\/web\/wp-content\/uploads\/2017\/09\/05-Sello-Profano-de-la-Federacion.jpg\u00bb align=\u00bbcenter\u00bb _builder_version=\u00bb3.22.7&#8243; width=\u00bb70%\u00bb][\/et_pb_image][\/et_pb_column][\/et_pb_row][et_pb_row _builder_version=\u00bb3.22.7&#8243;][et_pb_column type=\u00bb4_4&#8243; _builder_version=\u00bb3.22.7&#8243;][et_pb_text _builder_version=\u00bb3.22.7&#8243; text_font=\u00bbVerdana|700|||||||\u00bb header_font=\u00bbVerdana|600|||||||\u00bb header_text_color=\u00bb#188416&#8243;]<\/p>\n<h1 style=\"text-align: center;\">MASONER\u00cdA PARA MUJERES Y HOMBRES EN<\/h1>\n<h1 style=\"text-align: center;\">DONOSTIA &#8211; SAN SEBASTI\u00c1N<\/h1>\n<p>[\/et_pb_text][\/et_pb_column][\/et_pb_row][et_pb_row _builder_version=\u00bb3.22.7&#8243;][et_pb_column type=\u00bb4_4&#8243; _builder_version=\u00bb3.22.7&#8243;][et_pb_text _builder_version=\u00bb3.22.7&#8243; header_font=\u00bbVerdana||||||||\u00bb header_text_color=\u00bb#e02b20&#8243;]<\/p>\n<h1>Nuestros Principios<\/h1>\n<p style=\"text-align: justify;\">El car\u00e1cter inici\u00e1tico, mixto e internacionalista que presidir\u00e1n permanentemente nuestros trabajos, siempre abiertos al <strong>Progreso de la Humanidad<\/strong><\/p>\n<p style=\"text-align: justify;\">El <strong>laicismo<\/strong> como s\u00edmbolo de democracia, dentro un profundo <strong>esp\u00edritu humanista<\/strong> y teniendo la <strong>fraternidad<\/strong> como crisol en el que se funden sus principios<\/p>\n<p style=\"text-align: justify;\">El <strong>perfeccionamiento<\/strong> <strong>individual<\/strong> como una herramienta para el avance de la humanidad<\/p>\n<p>El trabajo de construcci\u00f3n como obreros en busca de la <strong>Justicia Social<\/strong>, s\u00edmbolo de la Fraternidad<\/p>\n<p style=\"text-align: justify;\"><strong>La Libertad\/<\/strong><strong>Askatasuna<\/strong>, <strong>la Igualdad\/<\/strong><strong>Berdintasuna<\/strong> y <strong>la Fraternidad\/<\/strong><strong>Anaitasuna<\/strong> como faro y gu\u00eda de nuestro quehacer en la sociedad<\/p>\n<p>[\/et_pb_text][\/et_pb_column][\/et_pb_row][et_pb_row _builder_version=\u00bb3.22.7&#8243;][et_pb_column type=\u00bb1_5&#8243; _builder_version=\u00bb3.22.7&#8243;][et_pb_image src=\u00bbhttps:\/\/auzolan.org.es\/web\/wp-content\/uploads\/2014\/08\/georgesMartin2.jpg\u00bb _builder_version=\u00bb3.22.7&#8243;][\/et_pb_image][\/et_pb_column][et_pb_column type=\u00bb3_5&#8243; _builder_version=\u00bb3.22.7&#8243;][et_pb_text _builder_version=\u00bb3.22.7&#8243; text_font=\u00bbVerdana|600|||||||\u00bb text_text_color=\u00bb#1e7714&#8243; header_font=\u00bbVerdana|600|||||||\u00bb header_text_color=\u00bb#e02b20&#8243;]<\/p>\n<h1 style=\"text-align: center;\">SOMOS UN GRUPO HUMANO<\/h1>\n<p>INICI\u00c1TICO<\/p>\n<p>LAICO<\/p>\n<p>INTERNACIONALISTA<\/p>\n<p>MIXTO<\/p>\n<p>HUMANISTA<\/p>\n<p>FEMINISTA<\/p>\n<p>COMPROMETIDO CON LA SOCIEDAD<\/p>\n<p>&nbsp;<\/p>\n<p>&nbsp;<\/p>\n<p>[\/et_pb_text][\/et_pb_column][et_pb_column type=\u00bb1_5&#8243; _builder_version=\u00bb3.22.7&#8243;][et_pb_image src=\u00bbhttps:\/\/auzolan.org.es\/web\/wp-content\/uploads\/2014\/08\/mariaDeraismes2.jpg\u00bb _builder_version=\u00bb3.22.7&#8243;][\/et_pb_image][\/et_pb_column][\/et_pb_row][et_pb_row _builder_version=\u00bb3.22.7&#8243;][et_pb_column type=\u00bb4_4&#8243; _builder_version=\u00bb3.22.7&#8243;][et_pb_text _builder_version=\u00bb3.22.7&#8243; header_font=\u00bbVerdana|700|||||||\u00bb header_text_color=\u00bb#16821b\u00bb]<\/p>\n<h1>Para nosotras y nosotros la masoner\u00eda es &#8230;<\/h1>\n<p>[\/et_pb_text][\/et_pb_column][\/et_pb_row][et_pb_row _builder_version=\u00bb3.22.7&#8243;][et_pb_column type=\u00bb1_4&#8243; _builder_version=\u00bb3.22.7&#8243;][et_pb_text _builder_version=\u00bb3.22.7&#8243;]<\/p>\n<p style=\"text-align: justify;\">un m\u00e9todo para avanzar en libertad hacia el conocimiento de uno mismo y de los otros y una ventana abierta hacia un mundo de fraternidad.<br \/><strong>Marie Edith<\/strong><\/p>\n<p>[\/et_pb_text][\/et_pb_column][et_pb_column type=\u00bb1_4&#8243; _builder_version=\u00bb3.22.7&#8243;][et_pb_text _builder_version=\u00bb3.22.7&#8243;]<\/p>\n<p style=\"text-align: justify;\">un camino inici\u00e1tico de compromiso personal con unos valores encarnados por el lema republicano Libertad, Igualdad y Fraternidad<\/p>\n<p style=\"text-align: justify;\"><strong>Pedro Jos\u00e9<\/strong><\/p>\n<p>[\/et_pb_text][\/et_pb_column][et_pb_column type=\u00bb1_4&#8243; _builder_version=\u00bb3.22.7&#8243;][et_pb_text _builder_version=\u00bb3.22.7&#8243;]<\/p>\n<p style=\"text-align: justify;\">por encima de todo, hermandad. Una hermandad que apoya mi compromiso personal y social, mi pasi\u00f3n laica, que trabaja en grupo desde la libertad, la igualdad y la solidaridad, y donde siento que del grupo emana una energ\u00eda sutil que sale del trabajo en com\u00fan<\/p>\n<p style=\"text-align: justify;\"><strong>Carlos<\/strong><\/p>\n<p>[\/et_pb_text][\/et_pb_column][et_pb_column type=\u00bb1_4&#8243; _builder_version=\u00bb3.22.7&#8243;][et_pb_text _builder_version=\u00bb3.22.7&#8243;]<\/p>\n<p style=\"text-align: justify;\">\u00a0una oportunidad \u00fanica, para m\u00ed, de\u00a0 desarrollarme y progresar como persona en la defensa de los\u00a0 principios b\u00e1sicos de libertad, igualdad y fraternidad, aprendiendo a aplicarlos. As\u00ed mismo, me permite cumplir una de mis aspiraciones m\u00e1s importantes: alcanzarlos y compartirlos.<\/p>\n<p style=\"text-align: justify;\"><strong>Jos\u00e9 Ignacio<\/strong><\/p>\n<p>[\/et_pb_text][\/et_pb_column][\/et_pb_row][et_pb_row _builder_version=\u00bb3.22.7&#8243;][et_pb_column type=\u00bb1_4&#8243; _builder_version=\u00bb3.22.7&#8243;][et_pb_text _builder_version=\u00bb3.22.7&#8243;]<\/p>\n<p style=\"text-align: justify;\">un m\u00e9todo de trabajo. Pero no un m\u00e9todo cualquiera, ni para un trabajo cualquiera. Es un m\u00e9todo inici\u00e1tico que utiliza como herramientas una serie de rituales simb\u00f3licos. Estos rituales simb\u00f3licos nos ayudan a trabajar de forma individual y colectiva los valores del librepensamiento. Un m\u00e9todo despertador de la propia Conciencia con el reto de construir una sociedad humana m\u00e1s respetable y respetuosa.<br \/> <strong>Ana<\/strong><\/p>\n<p>[\/et_pb_text][\/et_pb_column][et_pb_column type=\u00bb1_4&#8243; _builder_version=\u00bb3.22.7&#8243;][et_pb_text _builder_version=\u00bb3.22.7&#8243;]<\/p>\n<p style=\"text-align: justify;\">es un puente plagado de s\u00edmbolos para conseguir descubrirme e interpretar el mundo<\/p>\n<p style=\"text-align: justify;\"><strong>M\u00f3nica<\/strong><\/p>\n<p>[\/et_pb_text][et_pb_text _builder_version=\u00bb3.22.7&#8243;]<\/p>\n<p style=\"text-align: justify;\">algo que vivo como un espacio amable, acogedor, solidario, respetuoso y de compromiso con el crecimiento personal y social. Esto me alienta a transitar por este camino inici\u00e1tico y espero aprender de mis hermanas y hermanos<\/p>\n<p style=\"text-align: justify;\"><strong>Sara<\/strong><\/p>\n<p>[\/et_pb_text][\/et_pb_column][et_pb_column type=\u00bb1_4&#8243; _builder_version=\u00bb3.22.7&#8243;][et_pb_text _builder_version=\u00bb3.22.7&#8243;]<\/p>\n<p style=\"text-align: justify;\">pensar en libertad la Justicia<\/p>\n<p style=\"text-align: justify;\"><strong>El\u00edas<\/strong><\/p>\n<p>[\/et_pb_text][et_pb_text _builder_version=\u00bb3.22.7&#8243;]<\/p>\n<p style=\"text-align: justify;\">es una alegre manera de estar en la vida. Transmite un \u00abgai savoir\u00bb para verla y sentirla<\/p>\n<p style=\"text-align: justify;\"><strong>Fernando<\/strong><\/p>\n<p>[\/et_pb_text][et_pb_text _builder_version=\u00bb3.22.7&#8243; custom_padding=\u00bb||0px|||\u00bb][\/et_pb_text][\/et_pb_column][et_pb_column type=\u00bb1_4&#8243; _builder_version=\u00bb3.22.7&#8243;][\/et_pb_column][\/et_pb_row][et_pb_row _builder_version=\u00bb3.22.7&#8243;][et_pb_column type=\u00bb4_4&#8243; _builder_version=\u00bb3.22.7&#8243;][et_pb_text _builder_version=\u00bb3.22.7&#8243;]<\/p>\n<h1>Nuestro Blog<\/h1>\n<p>[\/et_pb_text][\/et_pb_column][\/et_pb_row][et_pb_row _builder_version=\u00bb3.22.7&#8243;][et_pb_column type=\u00bb4_4&#8243; _builder_version=\u00bb3.22.7&#8243;][et_pb_post_slider more_text=\u00bbLeer m\u00e1s\u00bb _builder_version=\u00bb3.22.7&#8243; include_categories=\u00bb3&#8243; meta_font=\u00bb||||||||\u00bb posts_number=\u00bb5&#8243;][\/et_pb_post_slider][\/et_pb_column][\/et_pb_row][\/et_pb_section]<\/p>\n","protected":false},"excerpt":{"rendered":"<p>R.\u00b7.L.\u00b7. AUZOLAN N\u00ba 1999 FEDERACI\u00d3N ESPA\u00d1OLA ORDEN MAS\u00d3NICA MIXTA INTERNACIONAL LE DROIT HUMAINMASONER\u00cdA PARA MUJERES Y HOMBRES EN DONOSTIA &#8211; SAN SEBASTI\u00c1NNuestros Principios El car\u00e1cter inici\u00e1tico, mixto e internacionalista que presidir\u00e1n permanentemente nuestros trabajos, siempre abiertos al Progreso de la Humanidad El laicismo como s\u00edmbolo de democracia, dentro un profundo esp\u00edritu humanista y teniendo la [&hellip;]<\/p>\n","protected":false},"author":2,"featured_media":0,"parent":0,"menu_order":0,"comment_status":"closed","ping_status":"closed","template":"","meta":{"_et_pb_use_builder":"on","_et_pb_old_content":"","_et_gb_content_width":"","footnotes":""},"class_list":["post-765","page","type-page","status-publish","hentry"],"aioseo_notices":[],"_links":{"self":[{"href":"https:\/\/auzolan.org.es\/web\/wp-json\/wp\/v2\/pages\/765","targetHints":{"allow":["GET"]}}],"collection":[{"href":"https:\/\/auzolan.org.es\/web\/wp-json\/wp\/v2\/pages"}],"about":[{"href":"https:\/\/auzolan.org.es\/web\/wp-json\/wp\/v2\/types\/page"}],"author":[{"embeddable":true,"href":"https:\/\/auzolan.org.es\/web\/wp-json\/wp\/v2\/users\/2"}],"replies":[{"embeddable":true,"href":"https:\/\/auzolan.org.es\/web\/wp-json\/wp\/v2\/comments?post=765"}],"version-history":[{"count":7,"href":"https:\/\/auzolan.org.es\/web\/wp-json\/wp\/v2\/pages\/765\/revisions"}],"predecessor-version":[{"id":778,"href":"https:\/\/auzolan.org.es\/web\/wp-json\/wp\/v2\/pages\/765\/revisions\/778"}],"wp:attachment":[{"href":"https:\/\/auzolan.org.es\/web\/wp-json\/wp\/v2\/media?parent=765"}],"curies":[{"name":"wp","href":"https:\/\/api.w.org\/{rel}","templated":true}]}}