{"id":75,"date":"2014-08-29T17:20:25","date_gmt":"2014-08-29T17:20:25","guid":{"rendered":"http:\/\/auzolan.org.es\/web\/?page_id=75"},"modified":"2017-11-04T18:07:16","modified_gmt":"2017-11-04T18:07:16","slug":"la-constitucion-internacional","status":"publish","type":"page","link":"https:\/\/auzolan.org.es\/web\/la-constitucion-internacional\/","title":{"rendered":"La Constituci\u00f3n Internacional"},"content":{"rendered":"<p style=\"text-align: center;\">Los 3 primeros art. de la Constituci\u00f3n internacional (Convento 17-20 05.2012)<\/p>\n<p style=\"text-align: justify;\">Los miembros de \u201cLe Droit Humain\u201d estamos repartidos por toda la Tierra y nos agrupamos, en<img loading=\"lazy\" decoding=\"async\" class=\"alignright size-full wp-image-673 imageNone\" src=\"http:\/\/elderechohumano.org\/web\/wp-content\/uploads\/2014\/07\/ESTANDARTE-PORTADILLA-INT.jpg\" alt=\"ESTANDARTE PORTADILLA INT\" width=\"300\" height=\"498\" \/> funci\u00f3n de nuestro n\u00famero, en Logias Pioneras, Jurisdicciones y Federaciones.<\/p>\n<p style=\"text-align: justify;\">Tomando en cuenta el car\u00e1cter internacional de la Orden, independientemente de su sensibilidad y de su cultura, tenemos un texto de referencia, aplicable a todos, que lleva el nombre de Constituci\u00f3n Internacional.<\/p>\n<p>A continuaci\u00f3n citamos fielmente los puntos esenciales de la misma:<\/p>\n<p style=\"text-align: justify;\">\u201c\u2026 <em>Los Francmasones de los dos hemisferios pertenecientes a la Orden Mas\u00f3nica Mixta Internacional \u201cLe Droit Humain\u201d (\u201cEl Derecho Humano\u201d), reunidos en Convento Internacional en el Cenit de Par\u00eds, en homenaje de fidelidad y reconocimiento, colocan sus trabajos bajo la \u00e9gida de sus venerados fundadores: Mar\u00eda Deraismes (la primera mujer en ser iniciada 14 de enero de 1882) y Georges Martin.<\/em><\/p>\n<p style=\"text-align: justify;\"><em>Con sus ilustres predecesores y siguiendo su ejemplo, fraternalmente unidos en el amor hacia la Humanidad, los Francmasones de \u201cLe Droit Humain\u201d desean cumplir \u00edntegramente, en el seno de la Masoner\u00eda y en el mundo profano, la triple divisa: LIBERTAD, IGUALDAD, FRATERNIDAD.<\/em><\/p>\n<p style=\"text-align: justify;\"><em>Persuadidos de que el m\u00e9todo de trabajo mas\u00f3nico representa uno de los mejores instrumentos de perfeccionamiento humano, desean proseguir su acci\u00f3n sentando las bases de una amplia constituci\u00f3n mas\u00f3nica internacional. Esta fija los deberes y los derechos de todos y de cada uno, asegurando as\u00ed el m\u00e1ximo de libertad compatible con una disciplina voluntariamente aceptada.<\/em><\/p>\n<p style=\"text-align: justify;\"><em>La Orden Mas\u00f3nica Mixta Internacional \u201cLe Droit Humain\u201d afirma la igualdad del Hombre y de la Mujer.<\/em><\/p>\n<p><em>Al proclamar \u00abLe Droit Humain\u00bb, la Orden aspira a que hombre y mujeres puedan lograr, en plano de igualdad, la justicia social en toda la tierra en una humanidad fraternalmente organizada.<\/em><\/p>\n<p style=\"text-align: justify;\"><em>\u201cLe Droit Humain\u201d est\u00e1 compuesta por Francmasones, hombres y mujeres unidos fraternalmente , sin distinci\u00f3n por razones sociales, \u00e9tnicas, filos\u00f3ficas o religiosas, la Orden utiliza, para llegar a este fin, un m\u00e9todo ritual y simb\u00f3lico, gracias al cual sus miembros edifican un Templo al progreso y al perfeccionamiento de la humanidad.<\/em><\/p>\n<p style=\"text-align: justify;\"><em>Fieles al principio de laicidad, respetuosos de la absoluta libertad de conciencia de cada uno, los miembros de la Orden trabajan para ejercitar los principios de libertad, igualdad y fraternidad y para obtener para todos los seres humanos el m\u00e1s alto desarrollo moral, intelectual y espiritual, condici\u00f3n b\u00e1sica de la felicidad que le es posible conseguir a cada persona en una Humanidad fraternalmente organizada .<\/em><\/p>\n","protected":false},"excerpt":{"rendered":"<p>Los 3 primeros art. de la Constituci\u00f3n internacional (Convento 17-20 05.2012) Los miembros de \u201cLe Droit Humain\u201d estamos repartidos por toda la Tierra y nos agrupamos, en funci\u00f3n de nuestro n\u00famero, en Logias Pioneras, Jurisdicciones y Federaciones. Tomando en cuenta el car\u00e1cter internacional de la Orden, independientemente de su sensibilidad y de su cultura, tenemos [&hellip;]<\/p>\n","protected":false},"author":2,"featured_media":0,"parent":0,"menu_order":0,"comment_status":"open","ping_status":"closed","template":"","meta":{"_et_pb_use_builder":"","_et_pb_old_content":"","_et_gb_content_width":"","footnotes":""},"class_list":["post-75","page","type-page","status-publish","hentry"],"aioseo_notices":[],"_links":{"self":[{"href":"https:\/\/auzolan.org.es\/web\/wp-json\/wp\/v2\/pages\/75","targetHints":{"allow":["GET"]}}],"collection":[{"href":"https:\/\/auzolan.org.es\/web\/wp-json\/wp\/v2\/pages"}],"about":[{"href":"https:\/\/auzolan.org.es\/web\/wp-json\/wp\/v2\/types\/page"}],"author":[{"embeddable":true,"href":"https:\/\/auzolan.org.es\/web\/wp-json\/wp\/v2\/users\/2"}],"replies":[{"embeddable":true,"href":"https:\/\/auzolan.org.es\/web\/wp-json\/wp\/v2\/comments?post=75"}],"version-history":[{"count":1,"href":"https:\/\/auzolan.org.es\/web\/wp-json\/wp\/v2\/pages\/75\/revisions"}],"predecessor-version":[{"id":76,"href":"https:\/\/auzolan.org.es\/web\/wp-json\/wp\/v2\/pages\/75\/revisions\/76"}],"wp:attachment":[{"href":"https:\/\/auzolan.org.es\/web\/wp-json\/wp\/v2\/media?parent=75"}],"curies":[{"name":"wp","href":"https:\/\/api.w.org\/{rel}","templated":true}]}}