{"id":33,"date":"2014-08-22T15:10:45","date_gmt":"2014-08-22T15:10:45","guid":{"rendered":"http:\/\/auzolan.org.es\/web\/?page_id=33"},"modified":"2017-11-04T18:01:13","modified_gmt":"2017-11-04T18:01:13","slug":"la-masoneria","status":"publish","type":"page","link":"https:\/\/auzolan.org.es\/web\/conocimiento\/la-masoneria\/","title":{"rendered":"La Masoner\u00eda"},"content":{"rendered":"<p style=\"text-align: justify;\"><img loading=\"lazy\" decoding=\"async\" class=\"aligncenter size-full wp-image-34\" src=\"https:\/\/auzolan.org.es\/web\/wp-content\/uploads\/2014\/08\/masoneria2.jpg\" alt=\"masoneria2\" width=\"302\" height=\"202\" srcset=\"https:\/\/auzolan.org.es\/web\/wp-content\/uploads\/2014\/08\/masoneria2.jpg 302w, https:\/\/auzolan.org.es\/web\/wp-content\/uploads\/2014\/08\/masoneria2-300x200.jpg 300w, https:\/\/auzolan.org.es\/web\/wp-content\/uploads\/2014\/08\/masoneria2-224x150.jpg 224w, https:\/\/auzolan.org.es\/web\/wp-content\/uploads\/2014\/08\/masoneria2-150x100.jpg 150w\" sizes=\"auto, (max-width: 302px) 100vw, 302px\" \/><\/p>\n<p style=\"text-align: justify;\"><span class=\"Apple-style-span\" style=\"-webkit-border-horizontal-spacing: 1px; -webkit-border-vertical-spacing: 1px;\"><span style=\"font-size: larger;\">La Masoner\u00eda no es una religi\u00f3n, ni una secta, pues no tiene dogmas, carece de cuerpo doctrinal al cual se llegue a trav\u00e9s de la fe. La Masoner\u00eda respeta todas las creencias, y, en el caso de la Liberal, tambi\u00e9n la ausencia de esas creencias, siempre que el mas\u00f3n acepte el compromiso de conocerse a s\u00ed mismo, desarrollar sus posibilidades en todos los sentidos y en la forma que desee, y volcar ese conocimiento y esa mejora en beneficio del Universo, del cual consideramos que la Humanidad es parte sustancial.<\/span><\/span><\/p>\n<p>La Masoner\u00eda tiene tres \u00fanicos principios: Libertad, Igualdad y Fraternidad. La forma concreta de entender y aplicar esos principios no est\u00e1 marcada, y cada mas\u00f3n debe buscarla y realizarla personalmente. Esta exigencia no se pone en pr\u00e1ctica mediante ning\u00fan tipo de examen o confesi\u00f3n de un mas\u00f3n a otros, sino que se lleva adelante en la conciencia de cada uno.<\/p>\n<p>A quien no es mas\u00f3n, que nosotros llamamos profano, se le exige, para entrar en la Masoner\u00eda ser \u00ablibre y de buenas costumbres\u00bb. Esta vieja f\u00f3rmula debe ser entendida como el derecho y el deber a desarrollar las propias condiciones e ideas -sea cuales sean- y el ser coherente con uno mismo, desarrollando esas condiciones e ideas de forma tal que mejoren aquella parte del Universo que le rodea, empezando por \u00e9l mismo. No se trata de guardar una moral determinada, sino de cada uno. El mas\u00f3n puede, por supuesto, aceptar unos principios morales establecidos, pero como un ser libre, honrado y responsable, debe tener fundamentados en su conciencia dichos principios, y nunca aceptarlos por rutina o por presi\u00f3n social.<\/p>\n<p>En Masoner\u00eda no deben juzgarse las opiniones, que son libres, sino las actitudes: \u00e9stas deben ser abiertas, carentes -en lo posible- de prejuicios, y fruto de una reflexi\u00f3n propia. Debe abordarse la vida buscando lo que une antes de lo que separa, y saber manifestar las diferencias con sinceridad para con uno mismo y con respecto a los dem\u00e1s. Esto no significa que el mas\u00f3n no defiende sus ideas y creencias, ya que en ese caso no ser\u00eda coherente consigo mismo, sino que esa defensa debe ser realizada de forma abierta, tolerante y fraternal, huyendo de la concepci\u00f3n de ser portador de la Verdad Absoluta. Un mas\u00f3n puede, de acuerdo con sus ideas, rendir culto a los principios religiosos en los que crea, o declararse agn\u00f3stico o ateo.<\/p>\n<p>Buscamos el progreso del Universo y el progreso de la Humanidad inserta en \u00e9l, y llamamos a este progreso Luz, entendi\u00e9ndolo no solo en un sentido material -importante y presente en nuestras preocupaciones- sino tambi\u00e9n en un sentido espiritual, moral o filos\u00f3fico.<\/p>\n","protected":false},"excerpt":{"rendered":"<p>La Masoner\u00eda no es una religi\u00f3n, ni una secta, pues no tiene dogmas, carece de cuerpo doctrinal al cual se llegue a trav\u00e9s de la fe. La Masoner\u00eda respeta todas las creencias, y, en el caso de la Liberal, tambi\u00e9n la ausencia de esas creencias, siempre que el mas\u00f3n acepte el compromiso de conocerse a [&hellip;]<\/p>\n","protected":false},"author":2,"featured_media":0,"parent":42,"menu_order":0,"comment_status":"closed","ping_status":"closed","template":"","meta":{"_et_pb_use_builder":"","_et_pb_old_content":"","_et_gb_content_width":"","footnotes":""},"class_list":["post-33","page","type-page","status-publish","hentry"],"aioseo_notices":[],"_links":{"self":[{"href":"https:\/\/auzolan.org.es\/web\/wp-json\/wp\/v2\/pages\/33","targetHints":{"allow":["GET"]}}],"collection":[{"href":"https:\/\/auzolan.org.es\/web\/wp-json\/wp\/v2\/pages"}],"about":[{"href":"https:\/\/auzolan.org.es\/web\/wp-json\/wp\/v2\/types\/page"}],"author":[{"embeddable":true,"href":"https:\/\/auzolan.org.es\/web\/wp-json\/wp\/v2\/users\/2"}],"replies":[{"embeddable":true,"href":"https:\/\/auzolan.org.es\/web\/wp-json\/wp\/v2\/comments?post=33"}],"version-history":[{"count":2,"href":"https:\/\/auzolan.org.es\/web\/wp-json\/wp\/v2\/pages\/33\/revisions"}],"predecessor-version":[{"id":616,"href":"https:\/\/auzolan.org.es\/web\/wp-json\/wp\/v2\/pages\/33\/revisions\/616"}],"up":[{"embeddable":true,"href":"https:\/\/auzolan.org.es\/web\/wp-json\/wp\/v2\/pages\/42"}],"wp:attachment":[{"href":"https:\/\/auzolan.org.es\/web\/wp-json\/wp\/v2\/media?parent=33"}],"curies":[{"name":"wp","href":"https:\/\/api.w.org\/{rel}","templated":true}]}}